{"id":678,"date":"2026-02-27T10:52:49","date_gmt":"2026-02-27T09:52:49","guid":{"rendered":"https:\/\/advokatlinge.se\/employees\/filippa-wellten\/"},"modified":"2026-02-27T11:26:43","modified_gmt":"2026-02-27T10:26:43","slug":"filippa-wellten","status":"publish","type":"page","link":"https:\/\/advokatlinge.se\/en\/employees\/filippa-wellten\/","title":{"rendered":"Filippa Wellt\u00e9n"},"content":{"rendered":"<div class=\"wpb-content-wrapper\"><p>[vc_row full_width=&#8221;stretch_row_content_no_spaces&#8221; css=&#8221;.vc_custom_1697182062748{margin-bottom: 40px !important;}&#8221;][vc_column][\/vc_column][\/vc_row][vc_row][vc_column width=&#8221;2\/3&#8243;][vc_column_text css=&#8221;&#8221;]<\/p>\n<h2>Lawyer Filippa Wellt\u00e9n<\/h2>\n<p>Lawyer Filippa Wellt\u00e9n earned her law degree in 2026 at \u00d6rebro University. During her studies, Filippa interned at a law firm with a special focus on criminal cases. In the summer of 2025, she worked at the public prosecutor&#8217;s office in Eskilstuna. Filippa Wellt\u00e9n has been working at Advokatfirman Linge since 2026.<\/p>\n<h2>Information:<\/h2>\n<ul>\n<li>Education: Law degree, \u00d6rebro universitet, 2026.<\/li>\n<li>Telephone switchboard: 0455-69 40 00<\/li>\n<li>Fax: 0455-69 40 09<\/li>\n<li>Mobile: 0735-10 20 68<\/li>\n<li>E-mail: <a href=\"mailto:filippa.wellten@advokatlinge.se\">filippa.wellten@advokatlinge.se<\/a><\/li>\n<li>Address: Kungshuset, Landbrogatan 7, 371 34 Karlskrona<\/li>\n<li>Language: Svenska och engelska<\/li>\n<\/ul>\n<p>[\/vc_column_text][\/vc_column][vc_column width=&#8221;1\/3&#8243;][vc_single_image image=&#8221;674&#8243; img_size=&#8221;full&#8221; css=&#8221;&#8221;][\/vc_column][\/vc_row]<\/p>\n<\/div>","protected":false},"excerpt":{"rendered":"<p>[vc_row full_width=&#8221;stretch_row_content_no_spaces&#8221; css=&#8221;.vc_custom_1697182062748{margin-bottom: 40px !important;}&#8221;][vc_column][\/vc_column][\/vc_row][vc_row][vc_column width=&#8221;2\/3&#8243;][vc_column_text css=&#8221;&#8221;] Lawyer Filippa Wellt\u00e9n Lawyer Filippa Wellt\u00e9n earned her law degree in 2026 at \u00d6rebro University. During her studies, Filippa interned at a law firm with a special focus on criminal cases. In the summer of 2025, she worked at the public prosecutor&#8217;s office in Eskilstuna. Filippa Wellt\u00e9n has [&hellip;]<\/p>\n","protected":false},"author":1,"featured_media":0,"parent":108,"menu_order":0,"comment_status":"closed","ping_status":"closed","template":"","meta":{"_acf_changed":false,"footnotes":""},"class_list":["post-678","page","type-page","status-publish","hentry"],"acf":[],"yoast_head":"<!-- This site is optimized with the Yoast SEO plugin v27.0 - https:\/\/yoast.com\/product\/yoast-seo-wordpress\/ -->\n<title>Filippa Wellt\u00e9n - Advokatfirman Linge<\/title>\n<meta name=\"robots\" content=\"index, follow, max-snippet:-1, max-image-preview:large, max-video-preview:-1\" \/>\n<link rel=\"canonical\" href=\"https:\/\/advokatlinge.se\/medarbetare\/filippa-wellten\/\" \/>\n<meta property=\"og:locale\" content=\"en_US\" \/>\n<meta property=\"og:type\" content=\"article\" \/>\n<meta property=\"og:title\" content=\"Filippa Wellt\u00e9n - Advokatfirman Linge\" \/>\n<meta property=\"og:description\" content=\"[vc_row full_width=&#8221;stretch_row_content_no_spaces&#8221; css=&#8221;.vc_custom_1697182062748{margin-bottom: 40px !important;}&#8221;][vc_column][\/vc_column][\/vc_row][vc_row][vc_column width=&#8221;2\/3&#8243;][vc_column_text css=&#8221;&#8221;] Lawyer Filippa Wellt\u00e9n Lawyer Filippa Wellt\u00e9n earned her law degree in 2026 at \u00d6rebro University. During her studies, Filippa interned at a law firm with a special focus on criminal cases. In the summer of 2025, she worked at the public prosecutor&#8217;s office in Eskilstuna. Filippa Wellt\u00e9n has [&hellip;]\" \/>\n<meta property=\"og:url\" content=\"https:\/\/advokatlinge.se\/medarbetare\/filippa-wellten\/\" \/>\n<meta property=\"og:site_name\" content=\"Advokatfirman Linge\" \/>\n<meta property=\"article:modified_time\" content=\"2026-02-27T10:26:43+00:00\" \/>\n<meta name=\"twitter:card\" content=\"summary_large_image\" \/>\n<meta name=\"twitter:label1\" content=\"Est. reading time\" \/>\n\t<meta name=\"twitter:data1\" content=\"1 minute\" \/>\n<script type=\"application\/ld+json\" class=\"yoast-schema-graph\">{\"@context\":\"https:\/\/schema.org\",\"@graph\":[{\"@type\":\"WebPage\",\"@id\":\"https:\/\/advokatlinge.se\/medarbetare\/filippa-wellten\/\",\"url\":\"https:\/\/advokatlinge.se\/medarbetare\/filippa-wellten\/\",\"name\":\"Filippa Wellt\u00e9n - Advokatfirman Linge\",\"isPartOf\":{\"@id\":\"https:\/\/advokatlinge.se\/#website\"},\"datePublished\":\"2026-02-27T09:52:49+00:00\",\"dateModified\":\"2026-02-27T10:26:43+00:00\",\"breadcrumb\":{\"@id\":\"https:\/\/advokatlinge.se\/medarbetare\/filippa-wellten\/#breadcrumb\"},\"inLanguage\":\"en-US\",\"potentialAction\":[{\"@type\":\"ReadAction\",\"target\":[\"https:\/\/advokatlinge.se\/medarbetare\/filippa-wellten\/\"]}]},{\"@type\":\"BreadcrumbList\",\"@id\":\"https:\/\/advokatlinge.se\/medarbetare\/filippa-wellten\/#breadcrumb\",\"itemListElement\":[{\"@type\":\"ListItem\",\"position\":1,\"name\":\"Hem\",\"item\":\"https:\/\/advokatlinge.se\/en\/\"},{\"@type\":\"ListItem\",\"position\":2,\"name\":\"Employees\",\"item\":\"https:\/\/advokatlinge.se\/medarbetare\/\"},{\"@type\":\"ListItem\",\"position\":3,\"name\":\"Filippa Wellt\u00e9n\"}]},{\"@type\":\"WebSite\",\"@id\":\"https:\/\/advokatlinge.se\/#website\",\"url\":\"https:\/\/advokatlinge.se\/\",\"name\":\"Advokatfirman Linge\",\"description\":\"Advokatfirman Linge\",\"publisher\":{\"@id\":\"https:\/\/advokatlinge.se\/#organization\"},\"potentialAction\":[{\"@type\":\"SearchAction\",\"target\":{\"@type\":\"EntryPoint\",\"urlTemplate\":\"https:\/\/advokatlinge.se\/?s={search_term_string}\"},\"query-input\":{\"@type\":\"PropertyValueSpecification\",\"valueRequired\":true,\"valueName\":\"search_term_string\"}}],\"inLanguage\":\"en-US\"},{\"@type\":\"Organization\",\"@id\":\"https:\/\/advokatlinge.se\/#organization\",\"name\":\"Advokatfirman Linge\",\"url\":\"https:\/\/advokatlinge.se\/\",\"logo\":{\"@type\":\"ImageObject\",\"inLanguage\":\"en-US\",\"@id\":\"https:\/\/advokatlinge.se\/#\/schema\/logo\/image\/\",\"url\":\"https:\/\/advokatlinge.se\/wp-content\/uploads\/2023\/10\/adv_linge_logo.png\",\"contentUrl\":\"https:\/\/advokatlinge.se\/wp-content\/uploads\/2023\/10\/adv_linge_logo.png\",\"width\":283,\"height\":100,\"caption\":\"Advokatfirman Linge\"},\"image\":{\"@id\":\"https:\/\/advokatlinge.se\/#\/schema\/logo\/image\/\"}}]}<\/script>\n<!-- \/ Yoast SEO plugin. -->","yoast_head_json":{"title":"Filippa Wellt\u00e9n - Advokatfirman Linge","robots":{"index":"index","follow":"follow","max-snippet":"max-snippet:-1","max-image-preview":"max-image-preview:large","max-video-preview":"max-video-preview:-1"},"canonical":"https:\/\/advokatlinge.se\/medarbetare\/filippa-wellten\/","og_locale":"en_US","og_type":"article","og_title":"Filippa Wellt\u00e9n - Advokatfirman Linge","og_description":"[vc_row full_width=&#8221;stretch_row_content_no_spaces&#8221; css=&#8221;.vc_custom_1697182062748{margin-bottom: 40px !important;}&#8221;][vc_column][\/vc_column][\/vc_row][vc_row][vc_column width=&#8221;2\/3&#8243;][vc_column_text css=&#8221;&#8221;] Lawyer Filippa Wellt\u00e9n Lawyer Filippa Wellt\u00e9n earned her law degree in 2026 at \u00d6rebro University. During her studies, Filippa interned at a law firm with a special focus on criminal cases. In the summer of 2025, she worked at the public prosecutor&#8217;s office in Eskilstuna. Filippa Wellt\u00e9n has [&hellip;]","og_url":"https:\/\/advokatlinge.se\/medarbetare\/filippa-wellten\/","og_site_name":"Advokatfirman Linge","article_modified_time":"2026-02-27T10:26:43+00:00","twitter_card":"summary_large_image","twitter_misc":{"Est. reading time":"1 minute"},"schema":{"@context":"https:\/\/schema.org","@graph":[{"@type":"WebPage","@id":"https:\/\/advokatlinge.se\/medarbetare\/filippa-wellten\/","url":"https:\/\/advokatlinge.se\/medarbetare\/filippa-wellten\/","name":"Filippa Wellt\u00e9n - Advokatfirman Linge","isPartOf":{"@id":"https:\/\/advokatlinge.se\/#website"},"datePublished":"2026-02-27T09:52:49+00:00","dateModified":"2026-02-27T10:26:43+00:00","breadcrumb":{"@id":"https:\/\/advokatlinge.se\/medarbetare\/filippa-wellten\/#breadcrumb"},"inLanguage":"en-US","potentialAction":[{"@type":"ReadAction","target":["https:\/\/advokatlinge.se\/medarbetare\/filippa-wellten\/"]}]},{"@type":"BreadcrumbList","@id":"https:\/\/advokatlinge.se\/medarbetare\/filippa-wellten\/#breadcrumb","itemListElement":[{"@type":"ListItem","position":1,"name":"Hem","item":"https:\/\/advokatlinge.se\/en\/"},{"@type":"ListItem","position":2,"name":"Employees","item":"https:\/\/advokatlinge.se\/medarbetare\/"},{"@type":"ListItem","position":3,"name":"Filippa Wellt\u00e9n"}]},{"@type":"WebSite","@id":"https:\/\/advokatlinge.se\/#website","url":"https:\/\/advokatlinge.se\/","name":"Advokatfirman Linge","description":"Advokatfirman Linge","publisher":{"@id":"https:\/\/advokatlinge.se\/#organization"},"potentialAction":[{"@type":"SearchAction","target":{"@type":"EntryPoint","urlTemplate":"https:\/\/advokatlinge.se\/?s={search_term_string}"},"query-input":{"@type":"PropertyValueSpecification","valueRequired":true,"valueName":"search_term_string"}}],"inLanguage":"en-US"},{"@type":"Organization","@id":"https:\/\/advokatlinge.se\/#organization","name":"Advokatfirman Linge","url":"https:\/\/advokatlinge.se\/","logo":{"@type":"ImageObject","inLanguage":"en-US","@id":"https:\/\/advokatlinge.se\/#\/schema\/logo\/image\/","url":"https:\/\/advokatlinge.se\/wp-content\/uploads\/2023\/10\/adv_linge_logo.png","contentUrl":"https:\/\/advokatlinge.se\/wp-content\/uploads\/2023\/10\/adv_linge_logo.png","width":283,"height":100,"caption":"Advokatfirman Linge"},"image":{"@id":"https:\/\/advokatlinge.se\/#\/schema\/logo\/image\/"}}]}},"_links":{"self":[{"href":"https:\/\/advokatlinge.se\/en\/wp-json\/wp\/v2\/pages\/678","targetHints":{"allow":["GET"]}}],"collection":[{"href":"https:\/\/advokatlinge.se\/en\/wp-json\/wp\/v2\/pages"}],"about":[{"href":"https:\/\/advokatlinge.se\/en\/wp-json\/wp\/v2\/types\/page"}],"author":[{"embeddable":true,"href":"https:\/\/advokatlinge.se\/en\/wp-json\/wp\/v2\/users\/1"}],"replies":[{"embeddable":true,"href":"https:\/\/advokatlinge.se\/en\/wp-json\/wp\/v2\/comments?post=678"}],"version-history":[{"count":4,"href":"https:\/\/advokatlinge.se\/en\/wp-json\/wp\/v2\/pages\/678\/revisions"}],"predecessor-version":[{"id":685,"href":"https:\/\/advokatlinge.se\/en\/wp-json\/wp\/v2\/pages\/678\/revisions\/685"}],"up":[{"embeddable":true,"href":"https:\/\/advokatlinge.se\/en\/wp-json\/wp\/v2\/pages\/108"}],"wp:attachment":[{"href":"https:\/\/advokatlinge.se\/en\/wp-json\/wp\/v2\/media?parent=678"}],"curies":[{"name":"wp","href":"https:\/\/api.w.org\/{rel}","templated":true}]}}